{"id":9244,"date":"2023-02-06T15:54:14","date_gmt":"2023-02-06T13:54:14","guid":{"rendered":"https:\/\/millers.dk\/losninger\/fashionboard\/replenishment\/"},"modified":"2024-08-02T12:08:59","modified_gmt":"2024-08-02T10:08:59","slug":"replenishment","status":"publish","type":"page","link":"https:\/\/millers.dk\/da\/losninger\/fashionboard\/replenishment\/","title":{"rendered":"Replenishment"},"content":{"rendered":"\t\t<div data-elementor-type=\"wp-page\" data-elementor-id=\"9244\" class=\"elementor elementor-9244 elementor-7651\" data-elementor-post-type=\"page\">\n\t\t\t\t\t\t<section class=\"elementor-section elementor-top-section elementor-element elementor-element-74e2968 elementor-section-height-min-height elementor-section-boxed elementor-section-height-default elementor-section-items-middle\" data-id=\"74e2968\" data-element_type=\"section\" data-e-type=\"section\" data-settings=\"{&quot;background_background&quot;:&quot;classic&quot;}\">\n\t\t\t\t\t\t\t<div class=\"elementor-background-overlay\"><\/div>\n\t\t\t\t\t\t\t<div class=\"elementor-container elementor-column-gap-default\">\n\t\t\t\t\t<div class=\"elementor-column elementor-col-100 elementor-top-column elementor-element elementor-element-da46909\" data-id=\"da46909\" data-element_type=\"column\" data-e-type=\"column\">\n\t\t\t<div class=\"elementor-widget-wrap elementor-element-populated\">\n\t\t\t\t\t\t<div class=\"elementor-element elementor-element-3d5bc52 elementor-widget elementor-widget-heading\" data-id=\"3d5bc52\" data-element_type=\"widget\" data-e-type=\"widget\" data-widget_type=\"heading.default\">\n\t\t\t\t<div class=\"elementor-widget-container\">\n\t\t\t\t\t<h1 class=\"elementor-heading-title elementor-size-default\">FashionBoard - Replenishment<\/h1>\t\t\t\t<\/div>\n\t\t\t\t<\/div>\n\t\t\t\t\t<\/div>\n\t\t<\/div>\n\t\t\t\t\t<\/div>\n\t\t<\/section>\n\t\t<div class=\"elementor-element elementor-element-b4d383b e-flex e-con-boxed e-con e-parent\" data-id=\"b4d383b\" data-element_type=\"container\" data-e-type=\"container\">\n\t\t\t\t\t<div class=\"e-con-inner\">\n\t\t<div class=\"elementor-element elementor-element-9684d5c e-flex e-con-boxed e-con e-parent\" data-id=\"9684d5c\" data-element_type=\"container\" data-e-type=\"container\">\n\t\t\t\t\t<div class=\"e-con-inner\">\n\t\t<div class=\"elementor-element elementor-element-a9b2751 e-flex e-con-boxed e-con e-parent\" data-id=\"a9b2751\" data-element_type=\"container\" data-e-type=\"container\">\n\t\t\t\t\t<div class=\"e-con-inner\">\n\t\t<div class=\"elementor-element elementor-element-aba7532 e-con-full e-flex e-con e-parent\" data-id=\"aba7532\" data-element_type=\"container\" data-e-type=\"container\">\n\t\t\t\t<div class=\"elementor-element elementor-element-7d0a14f elementor-icon-list--layout-inline elementor-list-item-link-full_width elementor-widget elementor-widget-icon-list\" data-id=\"7d0a14f\" data-element_type=\"widget\" data-e-type=\"widget\" data-widget_type=\"icon-list.default\">\n\t\t\t\t<div class=\"elementor-widget-container\">\n\t\t\t\t\t\t\t<ul class=\"elementor-icon-list-items elementor-inline-items\">\n\t\t\t\t\t\t\t<li class=\"elementor-icon-list-item elementor-inline-item\">\n\t\t\t\t\t\t\t\t\t\t\t<a href=\"https:\/\/millers.dk\/solutions\/\">\n\n\t\t\t\t\t\t\t\t\t\t\t<span class=\"elementor-icon-list-text\">L\u00f8sninger<\/span>\n\t\t\t\t\t\t\t\t\t\t\t<\/a>\n\t\t\t\t\t\t\t\t\t<\/li>\n\t\t\t\t\t\t\t\t<li class=\"elementor-icon-list-item elementor-inline-item\">\n\t\t\t\t\t\t\t\t\t\t\t<a href=\"https:\/\/millers.dk\/solutions\/fashionboard\/\">\n\n\t\t\t\t\t\t\t\t\t\t\t\t<span class=\"elementor-icon-list-icon\">\n\t\t\t\t\t\t\t<svg aria-hidden=\"true\" class=\"e-font-icon-svg e-fas-angle-right\" viewBox=\"0 0 256 512\" xmlns=\"http:\/\/www.w3.org\/2000\/svg\"><path d=\"M224.3 273l-136 136c-9.4 9.4-24.6 9.4-33.9 0l-22.6-22.6c-9.4-9.4-9.4-24.6 0-33.9l96.4-96.4-96.4-96.4c-9.4-9.4-9.4-24.6 0-33.9L54.3 103c9.4-9.4 24.6-9.4 33.9 0l136 136c9.5 9.4 9.5 24.6.1 34z\"><\/path><\/svg>\t\t\t\t\t\t<\/span>\n\t\t\t\t\t\t\t\t\t\t<span class=\"elementor-icon-list-text\">FashionBoard<\/span>\n\t\t\t\t\t\t\t\t\t\t\t<\/a>\n\t\t\t\t\t\t\t\t\t<\/li>\n\t\t\t\t\t\t\t\t<li class=\"elementor-icon-list-item elementor-inline-item\">\n\t\t\t\t\t\t\t\t\t\t\t<span class=\"elementor-icon-list-icon\">\n\t\t\t\t\t\t\t<svg aria-hidden=\"true\" class=\"e-font-icon-svg e-fas-angle-right\" viewBox=\"0 0 256 512\" xmlns=\"http:\/\/www.w3.org\/2000\/svg\"><path d=\"M224.3 273l-136 136c-9.4 9.4-24.6 9.4-33.9 0l-22.6-22.6c-9.4-9.4-9.4-24.6 0-33.9l96.4-96.4-96.4-96.4c-9.4-9.4-9.4-24.6 0-33.9L54.3 103c9.4-9.4 24.6-9.4 33.9 0l136 136c9.5 9.4 9.5 24.6.1 34z\"><\/path><\/svg>\t\t\t\t\t\t<\/span>\n\t\t\t\t\t\t\t\t\t\t<span class=\"elementor-icon-list-text\">replenishment<\/span>\n\t\t\t\t\t\t\t\t\t<\/li>\n\t\t\t\t\t\t<\/ul>\n\t\t\t\t\t\t<\/div>\n\t\t\t\t<\/div>\n\t\t\t\t<div class=\"elementor-element elementor-element-dfac161 elementor-widget elementor-widget-heading\" data-id=\"dfac161\" data-element_type=\"widget\" data-e-type=\"widget\" data-widget_type=\"heading.default\">\n\t\t\t\t<div class=\"elementor-widget-container\">\n\t\t\t\t\t<h2 class=\"elementor-heading-title elementor-size-default\">replenishment<\/h2>\t\t\t\t<\/div>\n\t\t\t\t<\/div>\n\t\t\t\t<div class=\"elementor-element elementor-element-ae103a1 elementor-widget elementor-widget-text-editor\" data-id=\"ae103a1\" data-element_type=\"widget\" data-e-type=\"widget\" data-widget_type=\"text-editor.default\">\n\t\t\t\t<div class=\"elementor-widget-container\">\n\t\t\t\t\t\t\t\t\t<p style=\"font-weight: 400;\">Replenishment hj\u00e6lper dig med at optimere lageret og salget i egne og partneres butikker. <\/p>\n<p style=\"font-weight: 400;\">Replenishment giver gode redskaber til Product Assortment Planning i forhold til butikskapaciteten og markedstrends.<\/p>\n<p>Systemet foresl\u00e5r hvilke produkter, der skal sendes og hvorhen de skal sendes for at skabe den st\u00f8rste oms\u00e6tning i forhold til det historiske salg. <\/p>\n\t\t\t\t\t\t\t\t<\/div>\n\t\t\t\t<\/div>\n\t\t\t\t<\/div>\n\t\t<div class=\"elementor-element elementor-element-fdecff1 elementor-hidden-mobile elementor-hidden-mobile_extra e-con-full e-flex e-con e-parent\" data-id=\"fdecff1\" data-element_type=\"container\" data-e-type=\"container\">\n\t\t\t\t<div class=\"elementor-element elementor-element-e1f4016 elementor-widget elementor-widget-image\" data-id=\"e1f4016\" data-element_type=\"widget\" data-e-type=\"widget\" data-widget_type=\"image.default\">\n\t\t\t\t<div class=\"elementor-widget-container\">\n\t\t\t\t\t\t\t\t\t\t\t\t\t\t\t<img decoding=\"async\" src=\"https:\/\/millers.dk\/wp-content\/uploads\/elementor\/thumbs\/Clothing-store-pvnusncpld2olexaoytyt7wuxu4c6nskrtjxabh108.jpg\" title=\"Clothing store\" alt=\"Clothing store\" loading=\"lazy\" \/>\t\t\t\t\t\t\t\t\t\t\t\t\t\t\t<\/div>\n\t\t\t\t<\/div>\n\t\t\t\t<\/div>\n\t\t\t\t\t<\/div>\n\t\t\t\t<\/div>\n\t\t\t\t\t<\/div>\n\t\t\t\t<\/div>\n\t\t\t\t\t<\/div>\n\t\t\t\t<\/div>\n\t\t<div class=\"elementor-element elementor-element-3b25841 e-flex e-con-boxed e-con e-parent\" data-id=\"3b25841\" data-element_type=\"container\" data-e-type=\"container\" data-settings=\"{&quot;background_background&quot;:&quot;classic&quot;}\">\n\t\t\t\t\t<div class=\"e-con-inner\">\n\t\t\t\t\t<\/div>\n\t\t\t\t<\/div>\n\t\t<div class=\"elementor-element elementor-element-a45cbc4 e-flex e-con-boxed e-con e-parent\" data-id=\"a45cbc4\" data-element_type=\"container\" data-e-type=\"container\">\n\t\t\t\t\t<div class=\"e-con-inner\">\n\t\t<div class=\"elementor-element elementor-element-3d48f37 e-flex e-con-boxed e-con e-parent\" data-id=\"3d48f37\" data-element_type=\"container\" data-e-type=\"container\">\n\t\t\t\t\t<div class=\"e-con-inner\">\n\t\t\t\t<div class=\"elementor-element elementor-element-77b197d elementor-widget elementor-widget-heading\" data-id=\"77b197d\" data-element_type=\"widget\" data-e-type=\"widget\" data-widget_type=\"heading.default\">\n\t\t\t\t<div class=\"elementor-widget-container\">\n\t\t\t\t\t<h2 class=\"elementor-heading-title elementor-size-default\">Vil du vide mere om Fashionboard replenishment?<\/h2>\t\t\t\t<\/div>\n\t\t\t\t<\/div>\n\t\t\t\t<div class=\"elementor-element elementor-element-00a5889 elementor-widget elementor-widget-text-editor\" data-id=\"00a5889\" data-element_type=\"widget\" data-e-type=\"widget\" data-widget_type=\"text-editor.default\">\n\t\t\t\t<div class=\"elementor-widget-container\">\n\t\t\t\t\t\t\t\t\t<p>Lad os tage en uforpligtende snak om, hvordan FashionBoard Replenishment kan optimere dine egne og dine forretningspartneres butikker?<\/p>\n\t\t\t\t\t\t\t\t<\/div>\n\t\t\t\t<\/div>\n\t\t\t\t\t<\/div>\n\t\t\t\t<\/div>\n\t\t<div class=\"elementor-element elementor-element-7a82b81 e-flex e-con-boxed e-con e-parent\" data-id=\"7a82b81\" data-element_type=\"container\" data-e-type=\"container\">\n\t\t\t\t\t<div class=\"e-con-inner\">\n\t\t\t\t<div class=\"elementor-element elementor-element-aa26afa elementor-button-align-stretch elementor-widget elementor-widget-form\" data-id=\"aa26afa\" data-element_type=\"widget\" data-e-type=\"widget\" data-settings=\"{&quot;step_next_label&quot;:&quot;N\\u00e6ste&quot;,&quot;step_previous_label&quot;:&quot;Forrige&quot;,&quot;button_width&quot;:&quot;100&quot;,&quot;step_type&quot;:&quot;number_text&quot;,&quot;step_icon_shape&quot;:&quot;circle&quot;}\" data-widget_type=\"form.default\">\n\t\t\t\t<div class=\"elementor-widget-container\">\n\t\t\t\t\t\t\t<form class=\"elementor-form\" method=\"post\" name=\"Replenishment\" aria-label=\"Replenishment\">\n\t\t\t<input type=\"hidden\" name=\"post_id\" value=\"9244\"\/>\n\t\t\t<input type=\"hidden\" name=\"form_id\" value=\"aa26afa\"\/>\n\t\t\t<input type=\"hidden\" name=\"referer_title\" value=\"Replenishment &#183; Millers\" \/>\n\n\t\t\t\t\t\t\t<input type=\"hidden\" name=\"queried_id\" value=\"9244\"\/>\n\t\t\t\n\t\t\t<div class=\"elementor-form-fields-wrapper elementor-labels-\">\n\t\t\t\t\t\t\t\t<div class=\"elementor-field-type-text elementor-field-group elementor-column elementor-field-group-name elementor-col-50 elementor-field-required\">\n\t\t\t\t\t\t\t\t\t\t\t\t<label for=\"form-field-name\" class=\"elementor-field-label elementor-screen-only\">\n\t\t\t\t\t\t\t\tFornavn\t\t\t\t\t\t\t<\/label>\n\t\t\t\t\t\t\t\t\t\t\t\t\t\t<input size=\"1\" type=\"text\" name=\"form_fields[name]\" id=\"form-field-name\" class=\"elementor-field elementor-size-sm  elementor-field-textual\" placeholder=\"Fornavn\" required=\"required\">\n\t\t\t\t\t\t\t\t\t\t\t<\/div>\n\t\t\t\t\t\t\t\t<div class=\"elementor-field-type-text elementor-field-group elementor-column elementor-field-group-field_860abb3 elementor-col-50 elementor-field-required\">\n\t\t\t\t\t\t\t\t\t\t\t\t<label for=\"form-field-field_860abb3\" class=\"elementor-field-label elementor-screen-only\">\n\t\t\t\t\t\t\t\tEfternavn\t\t\t\t\t\t\t<\/label>\n\t\t\t\t\t\t\t\t\t\t\t\t\t\t<input size=\"1\" type=\"text\" name=\"form_fields[field_860abb3]\" id=\"form-field-field_860abb3\" class=\"elementor-field elementor-size-sm  elementor-field-textual\" placeholder=\"Efternavn\" required=\"required\">\n\t\t\t\t\t\t\t\t\t\t\t<\/div>\n\t\t\t\t\t\t\t\t<div class=\"elementor-field-type-text elementor-field-group elementor-column elementor-field-group-field_f7d592b elementor-col-50 elementor-field-required\">\n\t\t\t\t\t\t\t\t\t\t\t\t<label for=\"form-field-field_f7d592b\" class=\"elementor-field-label elementor-screen-only\">\n\t\t\t\t\t\t\t\tJob titel\t\t\t\t\t\t\t<\/label>\n\t\t\t\t\t\t\t\t\t\t\t\t\t\t<input size=\"1\" type=\"text\" name=\"form_fields[field_f7d592b]\" id=\"form-field-field_f7d592b\" class=\"elementor-field elementor-size-sm  elementor-field-textual\" placeholder=\"Job titel\" required=\"required\">\n\t\t\t\t\t\t\t\t\t\t\t<\/div>\n\t\t\t\t\t\t\t\t<div class=\"elementor-field-type-text elementor-field-group elementor-column elementor-field-group-field_9f9515d elementor-col-50 elementor-field-required\">\n\t\t\t\t\t\t\t\t\t\t\t\t<label for=\"form-field-field_9f9515d\" class=\"elementor-field-label elementor-screen-only\">\n\t\t\t\t\t\t\t\tOrganisation\t\t\t\t\t\t\t<\/label>\n\t\t\t\t\t\t\t\t\t\t\t\t\t\t<input size=\"1\" type=\"text\" name=\"form_fields[field_9f9515d]\" id=\"form-field-field_9f9515d\" class=\"elementor-field elementor-size-sm  elementor-field-textual\" placeholder=\"Organisation\" required=\"required\">\n\t\t\t\t\t\t\t\t\t\t\t<\/div>\n\t\t\t\t\t\t\t\t<div class=\"elementor-field-type-email elementor-field-group elementor-column elementor-field-group-email elementor-col-100 elementor-field-required\">\n\t\t\t\t\t\t\t\t\t\t\t\t<label for=\"form-field-email\" class=\"elementor-field-label elementor-screen-only\">\n\t\t\t\t\t\t\t\tEmail\t\t\t\t\t\t\t<\/label>\n\t\t\t\t\t\t\t\t\t\t\t\t\t\t<input size=\"1\" type=\"email\" name=\"form_fields[email]\" id=\"form-field-email\" class=\"elementor-field elementor-size-sm  elementor-field-textual\" placeholder=\"Email\" required=\"required\">\n\t\t\t\t\t\t\t\t\t\t\t<\/div>\n\t\t\t\t\t\t\t\t<div class=\"elementor-field-group elementor-column elementor-field-type-submit elementor-col-100 e-form__buttons\">\n\t\t\t\t\t<button class=\"elementor-button elementor-size-lg\" type=\"submit\">\n\t\t\t\t\t\t<span class=\"elementor-button-content-wrapper\">\n\t\t\t\t\t\t\t\t\t\t\t\t\t\t\t\t\t\t\t\t\t\t<span class=\"elementor-button-text\">Send<\/span>\n\t\t\t\t\t\t\t\t\t\t\t\t\t<\/span>\n\t\t\t\t\t<\/button>\n\t\t\t\t<\/div>\n\t\t\t<\/div>\n\t\t<\/form>\n\t\t\t\t\t\t<\/div>\n\t\t\t\t<\/div>\n\t\t\t\t\t<\/div>\n\t\t\t\t<\/div>\n\t\t\t\t\t<\/div>\n\t\t\t\t<\/div>\n\t\t\t\t<\/div>\n\t\t","protected":false},"excerpt":{"rendered":"<p>FashionBoard &#8211; Replenishment L\u00f8sninger FashionBoard replenishment replenishment Replenishment hj\u00e6lper dig med at optimere lageret og salget i egne og partneres butikker. Replenishment giver gode redskaber til Product Assortment Planning i forhold til butikskapaciteten og markedstrends. Systemet foresl\u00e5r hvilke produkter, der skal sendes og hvorhen de skal sendes for at skabe den st\u00f8rste oms\u00e6tning i forhold [&hellip;]<\/p>\n","protected":false},"author":6335,"featured_media":0,"parent":9236,"menu_order":0,"comment_status":"closed","ping_status":"closed","template":"elementor_header_footer","meta":{"footnotes":""},"class_list":["post-9244","page","type-page","status-publish","hentry"],"yoast_head":"<!-- This site is optimized with the Yoast SEO plugin v27.2 - https:\/\/yoast.com\/product\/yoast-seo-wordpress\/ -->\n<title>Replenishment &#183; Millers<\/title>\n<meta name=\"robots\" content=\"noindex, follow\" \/>\n<meta property=\"og:locale\" content=\"da_DK\" \/>\n<meta property=\"og:type\" content=\"article\" \/>\n<meta property=\"og:title\" content=\"Replenishment &#183; Millers\" \/>\n<meta property=\"og:description\" content=\"FashionBoard &#8211; Replenishment L\u00f8sninger FashionBoard replenishment replenishment Replenishment hj\u00e6lper dig med at optimere lageret og salget i egne og partneres butikker. Replenishment giver gode redskaber til Product Assortment Planning i forhold til butikskapaciteten og markedstrends. Systemet foresl\u00e5r hvilke produkter, der skal sendes og hvorhen de skal sendes for at skabe den st\u00f8rste oms\u00e6tning i forhold [&hellip;]\" \/>\n<meta property=\"og:url\" content=\"https:\/\/millers.dk\/da\/losninger\/fashionboard\/replenishment\/\" \/>\n<meta property=\"og:site_name\" content=\"Millers\" \/>\n<meta property=\"article:modified_time\" content=\"2024-08-02T10:08:59+00:00\" \/>\n<meta property=\"og:image\" content=\"https:\/\/millers.dk\/wp-content\/uploads\/elementor\/thumbs\/Clothing-store-pvnusncpld2olexaoytyt7wuxu4c6nskrtjxabh108.jpg\" \/>\n<meta name=\"twitter:card\" content=\"summary_large_image\" \/>\n<script type=\"application\/ld+json\" class=\"yoast-schema-graph\">{\"@context\":\"https:\/\/schema.org\",\"@graph\":[{\"@type\":\"WebPage\",\"@id\":\"https:\/\/millers.dk\/da\/losninger\/fashionboard\/replenishment\/\",\"url\":\"https:\/\/millers.dk\/da\/losninger\/fashionboard\/replenishment\/\",\"name\":\"Replenishment &#183; Millers\",\"isPartOf\":{\"@id\":\"https:\/\/millers.dk\/#website\"},\"primaryImageOfPage\":{\"@id\":\"https:\/\/millers.dk\/da\/losninger\/fashionboard\/replenishment\/#primaryimage\"},\"image\":{\"@id\":\"https:\/\/millers.dk\/da\/losninger\/fashionboard\/replenishment\/#primaryimage\"},\"thumbnailUrl\":\"https:\/\/millers.dk\/wp-content\/uploads\/elementor\/thumbs\/Clothing-store-pvnusncpld2olexaoytyt7wuxu4c6nskrtjxabh108.jpg\",\"datePublished\":\"2023-02-06T13:54:14+00:00\",\"dateModified\":\"2024-08-02T10:08:59+00:00\",\"breadcrumb\":{\"@id\":\"https:\/\/millers.dk\/da\/losninger\/fashionboard\/replenishment\/#breadcrumb\"},\"inLanguage\":\"da-DK\",\"potentialAction\":[{\"@type\":\"ReadAction\",\"target\":[\"https:\/\/millers.dk\/da\/losninger\/fashionboard\/replenishment\/\"]}]},{\"@type\":\"ImageObject\",\"inLanguage\":\"da-DK\",\"@id\":\"https:\/\/millers.dk\/da\/losninger\/fashionboard\/replenishment\/#primaryimage\",\"url\":\"https:\/\/millers.dk\/wp-content\/uploads\/elementor\/thumbs\/Clothing-store-pvnusncpld2olexaoytyt7wuxu4c6nskrtjxabh108.jpg\",\"contentUrl\":\"https:\/\/millers.dk\/wp-content\/uploads\/elementor\/thumbs\/Clothing-store-pvnusncpld2olexaoytyt7wuxu4c6nskrtjxabh108.jpg\"},{\"@type\":\"BreadcrumbList\",\"@id\":\"https:\/\/millers.dk\/da\/losninger\/fashionboard\/replenishment\/#breadcrumb\",\"itemListElement\":[{\"@type\":\"ListItem\",\"position\":1,\"name\":\"Home\",\"item\":\"https:\/\/millers.dk\/da\/forsiden\/\"},{\"@type\":\"ListItem\",\"position\":2,\"name\":\"L\u00f8sninger\",\"item\":\"https:\/\/millers.dk\/da\/losninger\/\"},{\"@type\":\"ListItem\",\"position\":3,\"name\":\"FashionBoard\",\"item\":\"https:\/\/millers.dk\/da\/losninger\/fashionboard\/\"},{\"@type\":\"ListItem\",\"position\":4,\"name\":\"Replenishment\"}]},{\"@type\":\"WebSite\",\"@id\":\"https:\/\/millers.dk\/#website\",\"url\":\"https:\/\/millers.dk\/\",\"name\":\"Millers\",\"description\":\"Custom standards\",\"publisher\":{\"@id\":\"https:\/\/millers.dk\/#organization\"},\"potentialAction\":[{\"@type\":\"SearchAction\",\"target\":{\"@type\":\"EntryPoint\",\"urlTemplate\":\"https:\/\/millers.dk\/?s={search_term_string}\"},\"query-input\":{\"@type\":\"PropertyValueSpecification\",\"valueRequired\":true,\"valueName\":\"search_term_string\"}}],\"inLanguage\":\"da-DK\"},{\"@type\":\"Organization\",\"@id\":\"https:\/\/millers.dk\/#organization\",\"name\":\"Millers\",\"url\":\"https:\/\/millers.dk\/\",\"logo\":{\"@type\":\"ImageObject\",\"inLanguage\":\"da-DK\",\"@id\":\"https:\/\/millers.dk\/#\/schema\/logo\/image\/\",\"url\":\"https:\/\/millers.dk\/wp-content\/uploads\/2025\/06\/Millers-logo.svg\",\"contentUrl\":\"https:\/\/millers.dk\/wp-content\/uploads\/2025\/06\/Millers-logo.svg\",\"width\":473,\"height\":134,\"caption\":\"Millers\"},\"image\":{\"@id\":\"https:\/\/millers.dk\/#\/schema\/logo\/image\/\"}}]}<\/script>\n<!-- \/ Yoast SEO plugin. -->","yoast_head_json":{"title":"Replenishment &#183; Millers","robots":{"index":"noindex","follow":"follow"},"og_locale":"da_DK","og_type":"article","og_title":"Replenishment &#183; Millers","og_description":"FashionBoard &#8211; Replenishment L\u00f8sninger FashionBoard replenishment replenishment Replenishment hj\u00e6lper dig med at optimere lageret og salget i egne og partneres butikker. Replenishment giver gode redskaber til Product Assortment Planning i forhold til butikskapaciteten og markedstrends. Systemet foresl\u00e5r hvilke produkter, der skal sendes og hvorhen de skal sendes for at skabe den st\u00f8rste oms\u00e6tning i forhold [&hellip;]","og_url":"https:\/\/millers.dk\/da\/losninger\/fashionboard\/replenishment\/","og_site_name":"Millers","article_modified_time":"2024-08-02T10:08:59+00:00","og_image":[{"url":"https:\/\/millers.dk\/wp-content\/uploads\/elementor\/thumbs\/Clothing-store-pvnusncpld2olexaoytyt7wuxu4c6nskrtjxabh108.jpg","type":"","width":"","height":""}],"twitter_card":"summary_large_image","schema":{"@context":"https:\/\/schema.org","@graph":[{"@type":"WebPage","@id":"https:\/\/millers.dk\/da\/losninger\/fashionboard\/replenishment\/","url":"https:\/\/millers.dk\/da\/losninger\/fashionboard\/replenishment\/","name":"Replenishment &#183; Millers","isPartOf":{"@id":"https:\/\/millers.dk\/#website"},"primaryImageOfPage":{"@id":"https:\/\/millers.dk\/da\/losninger\/fashionboard\/replenishment\/#primaryimage"},"image":{"@id":"https:\/\/millers.dk\/da\/losninger\/fashionboard\/replenishment\/#primaryimage"},"thumbnailUrl":"https:\/\/millers.dk\/wp-content\/uploads\/elementor\/thumbs\/Clothing-store-pvnusncpld2olexaoytyt7wuxu4c6nskrtjxabh108.jpg","datePublished":"2023-02-06T13:54:14+00:00","dateModified":"2024-08-02T10:08:59+00:00","breadcrumb":{"@id":"https:\/\/millers.dk\/da\/losninger\/fashionboard\/replenishment\/#breadcrumb"},"inLanguage":"da-DK","potentialAction":[{"@type":"ReadAction","target":["https:\/\/millers.dk\/da\/losninger\/fashionboard\/replenishment\/"]}]},{"@type":"ImageObject","inLanguage":"da-DK","@id":"https:\/\/millers.dk\/da\/losninger\/fashionboard\/replenishment\/#primaryimage","url":"https:\/\/millers.dk\/wp-content\/uploads\/elementor\/thumbs\/Clothing-store-pvnusncpld2olexaoytyt7wuxu4c6nskrtjxabh108.jpg","contentUrl":"https:\/\/millers.dk\/wp-content\/uploads\/elementor\/thumbs\/Clothing-store-pvnusncpld2olexaoytyt7wuxu4c6nskrtjxabh108.jpg"},{"@type":"BreadcrumbList","@id":"https:\/\/millers.dk\/da\/losninger\/fashionboard\/replenishment\/#breadcrumb","itemListElement":[{"@type":"ListItem","position":1,"name":"Home","item":"https:\/\/millers.dk\/da\/forsiden\/"},{"@type":"ListItem","position":2,"name":"L\u00f8sninger","item":"https:\/\/millers.dk\/da\/losninger\/"},{"@type":"ListItem","position":3,"name":"FashionBoard","item":"https:\/\/millers.dk\/da\/losninger\/fashionboard\/"},{"@type":"ListItem","position":4,"name":"Replenishment"}]},{"@type":"WebSite","@id":"https:\/\/millers.dk\/#website","url":"https:\/\/millers.dk\/","name":"Millers","description":"Custom standards","publisher":{"@id":"https:\/\/millers.dk\/#organization"},"potentialAction":[{"@type":"SearchAction","target":{"@type":"EntryPoint","urlTemplate":"https:\/\/millers.dk\/?s={search_term_string}"},"query-input":{"@type":"PropertyValueSpecification","valueRequired":true,"valueName":"search_term_string"}}],"inLanguage":"da-DK"},{"@type":"Organization","@id":"https:\/\/millers.dk\/#organization","name":"Millers","url":"https:\/\/millers.dk\/","logo":{"@type":"ImageObject","inLanguage":"da-DK","@id":"https:\/\/millers.dk\/#\/schema\/logo\/image\/","url":"https:\/\/millers.dk\/wp-content\/uploads\/2025\/06\/Millers-logo.svg","contentUrl":"https:\/\/millers.dk\/wp-content\/uploads\/2025\/06\/Millers-logo.svg","width":473,"height":134,"caption":"Millers"},"image":{"@id":"https:\/\/millers.dk\/#\/schema\/logo\/image\/"}}]}},"_links":{"self":[{"href":"https:\/\/millers.dk\/da\/wp-json\/wp\/v2\/pages\/9244","targetHints":{"allow":["GET"]}}],"collection":[{"href":"https:\/\/millers.dk\/da\/wp-json\/wp\/v2\/pages"}],"about":[{"href":"https:\/\/millers.dk\/da\/wp-json\/wp\/v2\/types\/page"}],"author":[{"embeddable":true,"href":"https:\/\/millers.dk\/da\/wp-json\/wp\/v2\/users\/6335"}],"replies":[{"embeddable":true,"href":"https:\/\/millers.dk\/da\/wp-json\/wp\/v2\/comments?post=9244"}],"version-history":[{"count":1,"href":"https:\/\/millers.dk\/da\/wp-json\/wp\/v2\/pages\/9244\/revisions"}],"predecessor-version":[{"id":9245,"href":"https:\/\/millers.dk\/da\/wp-json\/wp\/v2\/pages\/9244\/revisions\/9245"}],"up":[{"embeddable":true,"href":"https:\/\/millers.dk\/da\/wp-json\/wp\/v2\/pages\/9236"}],"wp:attachment":[{"href":"https:\/\/millers.dk\/da\/wp-json\/wp\/v2\/media?parent=9244"}],"curies":[{"name":"wp","href":"https:\/\/api.w.org\/{rel}","templated":true}]}}